{"id":8,"date":"2024-09-24T16:26:37","date_gmt":"2024-09-24T19:26:37","guid":{"rendered":"https:\/\/brandingnew.co\/?page_id=8"},"modified":"2025-01-21T15:17:26","modified_gmt":"2025-01-21T18:17:26","slug":"home","status":"publish","type":"page","link":"https:\/\/brandingnew.co\/","title":{"rendered":"Home"},"content":{"rendered":"\n<p>Somos uma ag\u00eancia de branding com foco em estrat\u00e9gia, gest\u00e3o e design de marcas.<\/p>\n","protected":false},"excerpt":{"rendered":"<p>Somos uma ag\u00eancia de branding com foco em estrat\u00e9gia, gest\u00e3o e design de marcas.<\/p>\n","protected":false},"author":1,"featured_media":0,"parent":0,"menu_order":0,"comment_status":"closed","ping_status":"closed","template":"","meta":{"_acf_changed":false,"inline_featured_image":false,"footnotes":""},"class_list":["post-8","page","type-page","status-publish","hentry"],"acf":[],"_links":{"self":[{"href":"https:\/\/brandingnew.co\/index.php?rest_route=\/wp\/v2\/pages\/8","targetHints":{"allow":["GET"]}}],"collection":[{"href":"https:\/\/brandingnew.co\/index.php?rest_route=\/wp\/v2\/pages"}],"about":[{"href":"https:\/\/brandingnew.co\/index.php?rest_route=\/wp\/v2\/types\/page"}],"author":[{"embeddable":true,"href":"https:\/\/brandingnew.co\/index.php?rest_route=\/wp\/v2\/users\/1"}],"replies":[{"embeddable":true,"href":"https:\/\/brandingnew.co\/index.php?rest_route=%2Fwp%2Fv2%2Fcomments&post=8"}],"version-history":[{"count":14,"href":"https:\/\/brandingnew.co\/index.php?rest_route=\/wp\/v2\/pages\/8\/revisions"}],"predecessor-version":[{"id":75,"href":"https:\/\/brandingnew.co\/index.php?rest_route=\/wp\/v2\/pages\/8\/revisions\/75"}],"wp:attachment":[{"href":"https:\/\/brandingnew.co\/index.php?rest_route=%2Fwp%2Fv2%2Fmedia&parent=8"}],"curies":[{"name":"wp","href":"https:\/\/api.w.org\/{rel}","templated":true}]}}